{"id":35,"date":"2018-08-08T12:03:01","date_gmt":"2018-08-08T12:03:01","guid":{"rendered":"https:\/\/vfl-gundersheim.de\/?page_id=35"},"modified":"2023-10-02T12:03:17","modified_gmt":"2023-10-02T12:03:17","slug":"vorstand","status":"publish","type":"page","link":"https:\/\/vfl-gundersheim.de\/?page_id=35","title":{"rendered":"Vorstand"},"content":{"rendered":"<p><strong>Gesch\u00e4ftsverteilung gesch\u00e4ftsf\u00fchrender Vorstand VfL 1920 Gundersheim<\/strong><\/p>\n<p>Gunther Beth (Vorstandssprecher)<br \/>\nThomas Finger (Stv. Vorstandssprecher)<br \/>\nPhilipp Bossert (Vorstandsmitglied)<br \/>\nMarkus Fl\u00f6rsch (Vorstandsmitglied)<\/p>\n<p><strong>Unterst\u00fctzung gesch\u00e4ftsf\u00fchrender Vorstand<\/strong><br \/>\nAbt.-Leiter Fu\u00dfball Marius Finger<br \/>\nAbt.-Leiter Jugendfu\u00dfball Thomas Wolk<br \/>\nAbt.-Leiter Tischtennis Heiko Knorpp<br \/>\nAbt.-Leiterin Damengymnastik Michaela Leininger<br \/>\nVors. Wirtschaftsausschuss Renate Beth<br \/>\nPressesprecher Julian Beth<\/p>\n<p>Beisitzer<\/p>\n<ul>\n<li>Simon Fl\u00f6rsch<\/li>\n<li>Jonas A\u00dfmann<\/li>\n<li>Oliver Machemer<\/li>\n<li>Katja Bayrak<\/li>\n<li>Silas Riegel<\/li>\n<\/ul>\n<p>Download Gesch\u00e4ftsverteilung Vorstand als PDF: <div class='w3eden'><!-- WPDM Link Template: Default Template -->\n\n<div class=\"link-template-default card mb-2\">\n    <div class=\"card-body\">\n        <div class=\"media\">\n            <div class=\"mr-3 img-48\"><img decoding=\"async\" class=\"wpdm_icon\" alt=\"Icon\" src=\"https:\/\/vfl-gundersheim.de\/wp-content\/plugins\/download-manager\/assets\/file-type-icons\/pdf.svg\" \/><\/div>\n            <div class=\"media-body\">\n                <h3 class=\"package-title\"><a href='https:\/\/vfl-gundersheim.de\/?wpdmpro=geschaeftsverteilungsplan-vorstand'>Gesch\u00e4ftsverteilungsplan Vorstand<\/a><\/h3>\n                <div class=\"text-muted text-small\"><i class=\"fas fa-copy\"><\/i> 1 Datei(en) <i class=\"fas fa-hdd ml-3\"><\/i> 403.64 KB<\/div>\n            <\/div>\n            <div class=\"ml-3\">\n                <a class='wpdm-download-link download-on-click btn btn-primary ' rel='nofollow' href='#' data-downloadurl=\"https:\/\/vfl-gundersheim.de\/?wpdmpro=geschaeftsverteilungsplan-vorstand&wpdmdl=799&refresh=69e443bc5ac1e1776567228\">Download<\/a>\n            <\/div>\n        <\/div>\n    <\/div>\n<\/div>\n\n<\/div><\/p>\n","protected":false},"excerpt":{"rendered":"<p>Gesch\u00e4ftsverteilung gesch\u00e4ftsf\u00fchrender Vorstand VfL 1920 Gundersheim Gunther Beth (Vorstandssprecher) Thomas Finger (Stv. Vorstandssprecher) Philipp Bossert (Vorstandsmitglied) Markus Fl\u00f6rsch (Vorstandsmitglied) Unterst\u00fctzung gesch\u00e4ftsf\u00fchrender Vorstand Abt.-Leiter Fu\u00dfball Marius Finger Abt.-Leiter Jugendfu\u00dfball Thomas Wolk Abt.-Leiter Tischtennis Heiko Knorpp Abt.-Leiterin Damengymnastik Michaela Leininger Vors. Wirtschaftsausschuss Renate Beth Pressesprecher Julian Beth Beisitzer Simon Fl\u00f6rsch Jonas A\u00dfmann Oliver Machemer Katja Bayrak Silas &hellip; <\/p>\n<p class=\"link-more\"><a href=\"https:\/\/vfl-gundersheim.de\/?page_id=35\" class=\"more-link\"><span class=\"screen-reader-text\">\u201eVorstand\u201c<\/span> weiterlesen<\/a><\/p>\n","protected":false},"author":1,"featured_media":0,"parent":33,"menu_order":0,"comment_status":"closed","ping_status":"closed","template":"","meta":{"footnotes":""},"class_list":["post-35","page","type-page","status-publish","hentry"],"_links":{"self":[{"href":"https:\/\/vfl-gundersheim.de\/index.php?rest_route=\/wp\/v2\/pages\/35","targetHints":{"allow":["GET"]}}],"collection":[{"href":"https:\/\/vfl-gundersheim.de\/index.php?rest_route=\/wp\/v2\/pages"}],"about":[{"href":"https:\/\/vfl-gundersheim.de\/index.php?rest_route=\/wp\/v2\/types\/page"}],"author":[{"embeddable":true,"href":"https:\/\/vfl-gundersheim.de\/index.php?rest_route=\/wp\/v2\/users\/1"}],"replies":[{"embeddable":true,"href":"https:\/\/vfl-gundersheim.de\/index.php?rest_route=%2Fwp%2Fv2%2Fcomments&post=35"}],"version-history":[{"count":8,"href":"https:\/\/vfl-gundersheim.de\/index.php?rest_route=\/wp\/v2\/pages\/35\/revisions"}],"predecessor-version":[{"id":805,"href":"https:\/\/vfl-gundersheim.de\/index.php?rest_route=\/wp\/v2\/pages\/35\/revisions\/805"}],"up":[{"embeddable":true,"href":"https:\/\/vfl-gundersheim.de\/index.php?rest_route=\/wp\/v2\/pages\/33"}],"wp:attachment":[{"href":"https:\/\/vfl-gundersheim.de\/index.php?rest_route=%2Fwp%2Fv2%2Fmedia&parent=35"}],"curies":[{"name":"wp","href":"https:\/\/api.w.org\/{rel}","templated":true}]}}