{"id":33,"date":"2018-08-08T12:02:17","date_gmt":"2018-08-08T12:02:17","guid":{"rendered":"https:\/\/vfl-gundersheim.de\/?page_id=33"},"modified":"2025-09-25T09:07:58","modified_gmt":"2025-09-25T09:07:58","slug":"verein","status":"publish","type":"page","link":"https:\/\/vfl-gundersheim.de\/?page_id=33","title":{"rendered":"Verein"},"content":{"rendered":"<p>Der VfL 1920 Gundersheim e. V. ist einer von zwei Sportvereinen in Gundersheim. Die Vereinst\u00e4tigkeit ist in drei Abteilungen aufgeteilt. Die gr\u00f6\u00dfte Sparte ist sicherlich der Fu\u00dfball. Wegen dieser vermeintlich sch\u00f6nsten Nebensache der Welt wurde der Verein auch gegr\u00fcndet. W\u00e4hrend man drau\u00dfen auf dem Rasen des Altbachstadions kickt, wird\u00a0aber in der vereinseigenen Halle auch Tischtennis und Gymnastik\u00a0 betrieben.<\/p>\n","protected":false},"excerpt":{"rendered":"<p>Der VfL 1920 Gundersheim e. V. ist einer von zwei Sportvereinen in Gundersheim. Die Vereinst\u00e4tigkeit ist in drei Abteilungen aufgeteilt. Die gr\u00f6\u00dfte Sparte ist sicherlich der Fu\u00dfball. Wegen dieser vermeintlich sch\u00f6nsten Nebensache der Welt wurde der Verein auch gegr\u00fcndet. W\u00e4hrend man drau\u00dfen auf dem Rasen des Altbachstadions kickt, wird\u00a0aber in der vereinseigenen Halle auch Tischtennis &hellip; <\/p>\n<p class=\"link-more\"><a href=\"https:\/\/vfl-gundersheim.de\/?page_id=33\" class=\"more-link\"><span class=\"screen-reader-text\">\u201eVerein\u201c<\/span> weiterlesen<\/a><\/p>\n","protected":false},"author":1,"featured_media":0,"parent":0,"menu_order":0,"comment_status":"closed","ping_status":"closed","template":"","meta":{"footnotes":""},"class_list":["post-33","page","type-page","status-publish","hentry"],"_links":{"self":[{"href":"https:\/\/vfl-gundersheim.de\/index.php?rest_route=\/wp\/v2\/pages\/33","targetHints":{"allow":["GET"]}}],"collection":[{"href":"https:\/\/vfl-gundersheim.de\/index.php?rest_route=\/wp\/v2\/pages"}],"about":[{"href":"https:\/\/vfl-gundersheim.de\/index.php?rest_route=\/wp\/v2\/types\/page"}],"author":[{"embeddable":true,"href":"https:\/\/vfl-gundersheim.de\/index.php?rest_route=\/wp\/v2\/users\/1"}],"replies":[{"embeddable":true,"href":"https:\/\/vfl-gundersheim.de\/index.php?rest_route=%2Fwp%2Fv2%2Fcomments&post=33"}],"version-history":[{"count":7,"href":"https:\/\/vfl-gundersheim.de\/index.php?rest_route=\/wp\/v2\/pages\/33\/revisions"}],"predecessor-version":[{"id":911,"href":"https:\/\/vfl-gundersheim.de\/index.php?rest_route=\/wp\/v2\/pages\/33\/revisions\/911"}],"wp:attachment":[{"href":"https:\/\/vfl-gundersheim.de\/index.php?rest_route=%2Fwp%2Fv2%2Fmedia&parent=33"}],"curies":[{"name":"wp","href":"https:\/\/api.w.org\/{rel}","templated":true}]}}