{"id":23,"date":"2018-08-08T11:59:35","date_gmt":"2018-08-08T11:59:35","guid":{"rendered":"https:\/\/vfl-gundersheim.de\/?page_id=23"},"modified":"2024-10-21T09:53:46","modified_gmt":"2024-10-21T09:53:46","slug":"tischtennis","status":"publish","type":"page","link":"https:\/\/vfl-gundersheim.de\/?page_id=23","title":{"rendered":"Tischtennis"},"content":{"rendered":"\n<p>Unsere Tischtennisabteilung besteht derzeit aus zwei aktiven Mannschaften.<\/p>\n\n\n\n<p>Eine Sch\u00fclermannschaft ist leider nicht am Start, allerdings k\u00f6nnen Interessierte Kinder bei den Anf\u00e4ngern mittwochs (ab 17:30 Uhr) vorbeischauen. Die Aktiven trainieren montags und donnerstags ab 19:00 Uhr.<\/p>\n\n\n\n<h3 class=\"wp-block-heading\"><strong>1. Mannschaft<\/strong><\/h3>\n\n\n\n<figure class=\"wp-block-image size-full\"><img loading=\"lazy\" decoding=\"async\" width=\"1000\" height=\"666\" src=\"https:\/\/vfl-gundersheim.de\/wp-content\/uploads\/2024\/10\/vfl-tt-1.jpg\" alt=\"\" class=\"wp-image-840\" srcset=\"https:\/\/vfl-gundersheim.de\/wp-content\/uploads\/2024\/10\/vfl-tt-1.jpg 1000w, https:\/\/vfl-gundersheim.de\/wp-content\/uploads\/2024\/10\/vfl-tt-1-300x200.jpg 300w, https:\/\/vfl-gundersheim.de\/wp-content\/uploads\/2024\/10\/vfl-tt-1-768x511.jpg 768w\" sizes=\"auto, (max-width: 767px) 89vw, (max-width: 1000px) 54vw, (max-width: 1071px) 543px, 580px\" \/><figcaption class=\"wp-element-caption\">Tischtennis 1. Mannschaft<\/figcaption><\/figure>\n\n\n\n<p><\/p>\n\n\n\n<p>1.1 Matthias &#8222;Titou&#8220; Lawall (rechts)<br>1.2 Rudolf Eschenfelder (2. v. l.)<br>1.3 Martin Holzheiser (2. v. r.)<br>1.4 Gerhard Geeb (links)<\/p>\n\n\n\n<p>Die erste Mannschaft spielt in der Saison 2024\/2025 in der Kreisoberliga Worms<\/p>\n\n\n\n<p>Tabellen und Ergebnisse unter<\/p>\n\n\n\n<p><a href=\"https:\/\/www.mytischtennis.de\/clicktt\/RTTVR\/24-25\/ligen\/Kreisoberliga\/gruppe\/468601\/tabelle\/gesamt\" target=\"_blank\" rel=\"noreferrer noopener\">https:\/\/www.mytischtennis.de\/clicktt\/RTTVR\/24-25\/ligen\/Kreisoberliga\/gruppe\/468601\/tabelle\/gesamt<\/a><\/p>\n\n\n\n<h3 class=\"wp-block-heading\">&nbsp;<\/h3>\n\n\n\n<h3 class=\"wp-block-heading\"><strong>2. Mannschaft<\/strong><\/h3>\n\n\n\n<figure class=\"wp-block-image size-full\"><img loading=\"lazy\" decoding=\"async\" width=\"1000\" height=\"666\" src=\"https:\/\/vfl-gundersheim.de\/wp-content\/uploads\/2024\/10\/vfl-tt-2.jpg\" alt=\"\" class=\"wp-image-841\" srcset=\"https:\/\/vfl-gundersheim.de\/wp-content\/uploads\/2024\/10\/vfl-tt-2.jpg 1000w, https:\/\/vfl-gundersheim.de\/wp-content\/uploads\/2024\/10\/vfl-tt-2-300x200.jpg 300w, https:\/\/vfl-gundersheim.de\/wp-content\/uploads\/2024\/10\/vfl-tt-2-768x511.jpg 768w\" sizes=\"auto, (max-width: 767px) 89vw, (max-width: 1000px) 54vw, (max-width: 1071px) 543px, 580px\" \/><figcaption class=\"wp-element-caption\">Tischtennis 2. Mannschaft<\/figcaption><\/figure>\n\n\n\n<p><\/p>\n\n\n\n<p>2.1 Jochen Fauth (rechts.)<br>2.2 Bernd Hottenbacher (links)<br>2.3 Christian Br\u00fcck (2. v. l.)<br>2.4 Heiko Knorpp (Mitte)<br>2.5 Michael Machemer (fehlt auf dem Bild)<br>2.6 Peter Schmitt (2. v. r.)<br>2.7 Markus Frey (fehlt auf dem Bild)<\/p>\n\n\n\n<p><\/p>\n\n\n\n<p>Die zweite Mannschaft spielt in der Saison 2024\/2025 in der 2. Kreisklasse Worms.<\/p>\n\n\n\n<p>Tabellen und Ergebnisse unter<\/p>\n\n\n\n<p><a href=\"https:\/\/www.mytischtennis.de\/clicktt\/RTTVR\/24-25\/ligen\/2-Kreisklasse\/gruppe\/468790\/tabelle\/gesamt\" target=\"_blank\" rel=\"noreferrer noopener\">https:\/\/www.mytischtennis.de\/clicktt\/RTTVR\/24-25\/ligen\/2-Kreisklasse\/gruppe\/468790\/tabelle\/gesamt<\/a><\/p>\n\n\n\n<p><strong>Ansprechpartner:<\/strong><\/p>\n\n\n\n<p>Abteilungsleiter Heiko Knorpp<br>Tel.: 06244\/905781<br>Mail: heiko.knorpp@gmail.com<\/p>\n","protected":false},"excerpt":{"rendered":"<p>Unsere Tischtennisabteilung besteht derzeit aus zwei aktiven Mannschaften. Eine Sch\u00fclermannschaft ist leider nicht am Start, allerdings k\u00f6nnen Interessierte Kinder bei den Anf\u00e4ngern mittwochs (ab 17:30 Uhr) vorbeischauen. Die Aktiven trainieren montags und donnerstags ab 19:00 Uhr. 1. Mannschaft 1.1 Matthias &#8222;Titou&#8220; Lawall (rechts)1.2 Rudolf Eschenfelder (2. v. l.)1.3 Martin Holzheiser (2. v. r.)1.4 Gerhard Geeb &hellip; <\/p>\n<p class=\"link-more\"><a href=\"https:\/\/vfl-gundersheim.de\/?page_id=23\" class=\"more-link\"><span class=\"screen-reader-text\">\u201eTischtennis\u201c<\/span> weiterlesen<\/a><\/p>\n","protected":false},"author":1,"featured_media":0,"parent":0,"menu_order":0,"comment_status":"closed","ping_status":"closed","template":"","meta":{"footnotes":""},"class_list":["post-23","page","type-page","status-publish","hentry"],"_links":{"self":[{"href":"https:\/\/vfl-gundersheim.de\/index.php?rest_route=\/wp\/v2\/pages\/23","targetHints":{"allow":["GET"]}}],"collection":[{"href":"https:\/\/vfl-gundersheim.de\/index.php?rest_route=\/wp\/v2\/pages"}],"about":[{"href":"https:\/\/vfl-gundersheim.de\/index.php?rest_route=\/wp\/v2\/types\/page"}],"author":[{"embeddable":true,"href":"https:\/\/vfl-gundersheim.de\/index.php?rest_route=\/wp\/v2\/users\/1"}],"replies":[{"embeddable":true,"href":"https:\/\/vfl-gundersheim.de\/index.php?rest_route=%2Fwp%2Fv2%2Fcomments&post=23"}],"version-history":[{"count":11,"href":"https:\/\/vfl-gundersheim.de\/index.php?rest_route=\/wp\/v2\/pages\/23\/revisions"}],"predecessor-version":[{"id":842,"href":"https:\/\/vfl-gundersheim.de\/index.php?rest_route=\/wp\/v2\/pages\/23\/revisions\/842"}],"wp:attachment":[{"href":"https:\/\/vfl-gundersheim.de\/index.php?rest_route=%2Fwp%2Fv2%2Fmedia&parent=23"}],"curies":[{"name":"wp","href":"https:\/\/api.w.org\/{rel}","templated":true}]}}